{"id":141,"date":"2022-06-22T11:43:25","date_gmt":"2022-06-22T10:43:25","guid":{"rendered":"https:\/\/kdng.harej.org\/?page_id=141"},"modified":"2022-11-23T12:55:58","modified_gmt":"2022-11-23T11:55:58","slug":"instruktorji","status":"publish","type":"page","link":"https:\/\/kd-novagorica.si\/?page_id=141","title":{"rendered":"In\u0161truktorji"},"content":{"rendered":"\t\t<div data-elementor-type=\"wp-page\" data-elementor-id=\"141\" class=\"elementor elementor-141\">\n\t\t\t\t\t\t\t\t\t<section class=\"elementor-section elementor-top-section elementor-element elementor-element-d064574 elementor-section-full_width elementor-section-height-default elementor-section-height-default\" data-id=\"d064574\" data-element_type=\"section\" data-settings=\"{&quot;background_background&quot;:&quot;classic&quot;}\">\n\t\t\t\t\t\t<div class=\"elementor-container elementor-column-gap-default\">\n\t\t\t\t\t<div class=\"elementor-column elementor-col-100 elementor-top-column elementor-element elementor-element-1a693a4\" data-id=\"1a693a4\" data-element_type=\"column\">\n\t\t\t<div class=\"elementor-widget-wrap elementor-element-populated\">\n\t\t\t\t\t\t\t\t<div class=\"elementor-element elementor-element-6d4ae3d elementor-hidden-mobile elementor-hidden-tablet elementor-widget elementor-widget-image\" data-id=\"6d4ae3d\" data-element_type=\"widget\" data-widget_type=\"image.default\">\n\t\t\t\t<div class=\"elementor-widget-container\">\n\t\t\t<style>\/*! elementor - v3.13.3 - 28-05-2023 *\/\n.elementor-widget-image{text-align:center}.elementor-widget-image a{display:inline-block}.elementor-widget-image a img[src$=\".svg\"]{width:48px}.elementor-widget-image img{vertical-align:middle;display:inline-block}<\/style>\t\t\t\t\t\t\t\t\t\t\t\t<img decoding=\"async\" src=\"https:\/\/i0.wp.com\/kd-novagorica.si\/wp-content\/uploads\/2022\/09\/Ema-Troha.jpg?fit=1920%2C700&amp;ssl=1\" title=\"Ema Troha\" alt=\"Ema Troha\" loading=\"lazy\" \/>\t\t\t\t\t\t\t\t\t\t\t\t\t\t\t<\/div>\n\t\t\t\t<\/div>\n\t\t\t\t<div class=\"elementor-element elementor-element-4f8a164 elementor-hidden-desktop elementor-widget elementor-widget-image\" data-id=\"4f8a164\" data-element_type=\"widget\" data-widget_type=\"image.default\">\n\t\t\t\t<div class=\"elementor-widget-container\">\n\t\t\t\t\t\t\t\t\t\t\t\t\t\t\t<img loading=\"lazy\" decoding=\"async\" width=\"1080\" height=\"1080\" src=\"https:\/\/i0.wp.com\/kd-novagorica.si\/wp-content\/uploads\/2022\/11\/Untitled-design-1.jpg?fit=1080%2C1080&amp;ssl=1\" class=\"attachment-full size-full wp-image-421\" alt=\"\" srcset=\"https:\/\/i0.wp.com\/kd-novagorica.si\/wp-content\/uploads\/2022\/11\/Untitled-design-1.jpg?w=1080&amp;ssl=1 1080w, https:\/\/i0.wp.com\/kd-novagorica.si\/wp-content\/uploads\/2022\/11\/Untitled-design-1.jpg?resize=300%2C300&amp;ssl=1 300w, https:\/\/i0.wp.com\/kd-novagorica.si\/wp-content\/uploads\/2022\/11\/Untitled-design-1.jpg?resize=1024%2C1024&amp;ssl=1 1024w, https:\/\/i0.wp.com\/kd-novagorica.si\/wp-content\/uploads\/2022\/11\/Untitled-design-1.jpg?resize=150%2C150&amp;ssl=1 150w, https:\/\/i0.wp.com\/kd-novagorica.si\/wp-content\/uploads\/2022\/11\/Untitled-design-1.jpg?resize=768%2C768&amp;ssl=1 768w\" sizes=\"auto, (max-width: 640px) 100vw, 640px\" \/>\t\t\t\t\t\t\t\t\t\t\t\t\t\t\t<\/div>\n\t\t\t\t<\/div>\n\t\t\t\t<div class=\"elementor-element elementor-element-6186c6b elementor-hidden-desktop elementor-widget elementor-widget-text-editor\" data-id=\"6186c6b\" data-element_type=\"widget\" data-widget_type=\"text-editor.default\">\n\t\t\t\t<div class=\"elementor-widget-container\">\n\t\t\t<style>\/*! elementor - v3.13.3 - 28-05-2023 *\/\n.elementor-widget-text-editor.elementor-drop-cap-view-stacked .elementor-drop-cap{background-color:#69727d;color:#fff}.elementor-widget-text-editor.elementor-drop-cap-view-framed .elementor-drop-cap{color:#69727d;border:3px solid;background-color:transparent}.elementor-widget-text-editor:not(.elementor-drop-cap-view-default) .elementor-drop-cap{margin-top:8px}.elementor-widget-text-editor:not(.elementor-drop-cap-view-default) .elementor-drop-cap-letter{width:1em;height:1em}.elementor-widget-text-editor .elementor-drop-cap{float:left;text-align:center;line-height:1;font-size:50px}.elementor-widget-text-editor .elementor-drop-cap-letter{display:inline-block}<\/style>\t\t\t\t<p class=\"_04xlpA direction-ltr align-start para-style-body\"><span class=\"JsGRdQ\">Sem Ema Troha. Kot otrok sem se ve\u010d let \u00bbmotila\u00ab z re\u0161evanjem pasjih mladi\u010dkov iz neza\u017eelenih situacij, kar so moji star\u0161i nekako sprejemali. Pa vendar sem prvo pravo prilo\u017enost izkoristila leta 2016, ko sem pristopila h Kinolo\u0161kemu dru\u0161tvu Nova Gorica in iz\u0161olala mojega takratnega psa pasme Jack Russell terier do druge stopnje rally obedienca (RO).<\/span><\/p><p class=\"_04xlpA direction-ltr align-start para-style-body\"><span class=\"JsGRdQ\">Po sta\u017eiranju v dru\u0161tvu sem leta 2018 pridobila nazive \u00bbvodja osnovne vrste \u0161olanja\u00ab in \u00bbvodja osnovne rally obedience\u00ab, tako da v dru\u0161tvu vodim te\u010daje male \u0161ole, A te\u010daj, BBH, BGH in rally obedience.<\/span><\/p><p class=\"_04xlpA direction-ltr align-start para-style-body\"><span class=\"JsGRdQ\">Imam dve dvoletni psi\u010dki pasme avstralski govedar. Ena ima v RO opravljene izpite do 3. stopnje in tekmujeta na tekmah, druga ima BGH 1 in jo pripravljam na IGP (obramba).<\/span><\/p><p class=\"_04xlpA direction-ltr align-start para-style-body\"><span class=\"JsGRdQ\">S partnerjem imava pri FCI registrirano psarno NeedleHeart in se ukvarjava z vzrejo avstralskih govedarjev in labradorcev.<\/span><\/p><p class=\"_04xlpA direction-ltr align-start para-style-body\"><span class=\"JsGRdQ\">Moje celo \u017eivljenje je prepleteno s pasjimi \u0161tirino\u017eci in rada delim znanje naprej mlaj\u0161im generacijam, ker \u017eelim, da se jim odpre \u017eelja po kinologiji, kot se je meni.<\/span><\/p>\t\t\t\t\t\t<\/div>\n\t\t\t\t<\/div>\n\t\t\t\t\t<\/div>\n\t\t<\/div>\n\t\t\t\t\t\t\t<\/div>\n\t\t<\/section>\n\t\t\t\t<section class=\"elementor-section elementor-top-section elementor-element elementor-element-a021078 elementor-section-full_width elementor-section-height-default elementor-section-height-default\" data-id=\"a021078\" data-element_type=\"section\" data-settings=\"{&quot;background_background&quot;:&quot;classic&quot;}\">\n\t\t\t\t\t\t<div class=\"elementor-container elementor-column-gap-default\">\n\t\t\t\t\t<div class=\"elementor-column elementor-col-100 elementor-top-column elementor-element elementor-element-bdf8613\" data-id=\"bdf8613\" data-element_type=\"column\">\n\t\t\t<div class=\"elementor-widget-wrap elementor-element-populated\">\n\t\t\t\t\t\t\t\t<div class=\"elementor-element elementor-element-a6e5b97 elementor-hidden-mobile elementor-hidden-tablet elementor-widget elementor-widget-image\" data-id=\"a6e5b97\" data-element_type=\"widget\" data-widget_type=\"image.default\">\n\t\t\t\t<div class=\"elementor-widget-container\">\n\t\t\t\t\t\t\t\t\t\t\t\t\t\t\t<img decoding=\"async\" src=\"https:\/\/i0.wp.com\/kd-novagorica.si\/wp-content\/uploads\/2022\/11\/stefan-harej.jpg?fit=1920%2C700&amp;ssl=1\" title=\"\u0161tefan harej\" alt=\"\u0161tefan harej\" loading=\"lazy\" \/>\t\t\t\t\t\t\t\t\t\t\t\t\t\t\t<\/div>\n\t\t\t\t<\/div>\n\t\t\t\t<div class=\"elementor-element elementor-element-af8c236 elementor-hidden-desktop elementor-widget elementor-widget-image\" data-id=\"af8c236\" data-element_type=\"widget\" data-widget_type=\"image.default\">\n\t\t\t\t<div class=\"elementor-widget-container\">\n\t\t\t\t\t\t\t\t\t\t\t\t\t\t\t<img loading=\"lazy\" decoding=\"async\" width=\"1080\" height=\"1080\" src=\"https:\/\/i0.wp.com\/kd-novagorica.si\/wp-content\/uploads\/2022\/11\/tefan-harej-1-2.jpg?fit=1080%2C1080&amp;ssl=1\" class=\"attachment-full size-full wp-image-432\" alt=\"\" srcset=\"https:\/\/i0.wp.com\/kd-novagorica.si\/wp-content\/uploads\/2022\/11\/tefan-harej-1-2.jpg?w=1080&amp;ssl=1 1080w, https:\/\/i0.wp.com\/kd-novagorica.si\/wp-content\/uploads\/2022\/11\/tefan-harej-1-2.jpg?resize=300%2C300&amp;ssl=1 300w, https:\/\/i0.wp.com\/kd-novagorica.si\/wp-content\/uploads\/2022\/11\/tefan-harej-1-2.jpg?resize=1024%2C1024&amp;ssl=1 1024w, https:\/\/i0.wp.com\/kd-novagorica.si\/wp-content\/uploads\/2022\/11\/tefan-harej-1-2.jpg?resize=150%2C150&amp;ssl=1 150w, https:\/\/i0.wp.com\/kd-novagorica.si\/wp-content\/uploads\/2022\/11\/tefan-harej-1-2.jpg?resize=768%2C768&amp;ssl=1 768w\" sizes=\"auto, (max-width: 640px) 100vw, 640px\" \/>\t\t\t\t\t\t\t\t\t\t\t\t\t\t\t<\/div>\n\t\t\t\t<\/div>\n\t\t\t\t<div class=\"elementor-element elementor-element-b4c51d7 elementor-hidden-desktop elementor-widget elementor-widget-text-editor\" data-id=\"b4c51d7\" data-element_type=\"widget\" data-widget_type=\"text-editor.default\">\n\t\t\t\t<div class=\"elementor-widget-container\">\n\t\t\t\t\t\t\t<p>Moj prvi stik s psi sega zelo dale\u010d v otro\u0161tvo. Medlo se spominjam nem\u0161kega ov\u010darja, ki je zelo rad grizel \u017eoge, vendar je po masakru v koko\u0161njaku moral od hi\u0161e. Skozi otro\u0161tvo so se vrstili \u0161e razli\u010dni psi, ki pa seveda niso bili dele\u017eni nikakr\u0161nega intenzivnej\u0161ega \u0161olanja ali socializacije. Izvajali so le nalogo &#8216;\u010duvaja&#8217;. Ko se sedaj ozrem nazaj, me kar stisne pri srcu, kak\u0161no prazno \u017eivljenje so imeli.<\/p><p>\u00a0<\/p><p>Leta 2000 smo se razveselili nem\u0161ke ov\u010darke. Takrat pa sem \u017ee doumel, da je pes nekaj ve\u010d kot samo \u010duvaj. Opravili smo osnovno \u0161olanje, za kaj ve\u010d pa si takrat v dru\u017eini nismo vzeli \u010dasa.<\/p><p>\u00a0<\/p><p>Pisalo se je leto 2008, ko sem \u0161el iskat labradorko Tiso. \u017de med ogledovanjem sem bil trdno odlo\u010den, da bom s to psi\u010dko \u0161el v malo \u0161olo ter opravil izpit B-BH. Nisva se ustavila pri BB-H-ju temve\u010d nadaljevala v tekmovanju Rally Obedience discipline. Opravila sva 5 izpitov, BB-H, RO-1, RO-2, RO-3, RO-4. Tekmovala na 39 ih tekmah, na vseh sva bila uvr\u0161\u010dena. Dosegla sva 22 krat stopni\u010dke. Od tega 3 zlate, 8 srebrnih ter 11 bronastih medalj. Dr\u017eavna prvakinja v RO-2 leta 2014, to\u010dke odli\u010dnosti kar dvakrat in \u0161e bi lahko na\u0161teval. Po nekaj letih sem se odlo\u010dil, da bom svoje pridobljeno znanje delil \u0161e med ostale. Spomladi 2013 sem uspe\u0161no opravil izpit za Vodjo osnovne vrste \u0161olanja. Jeseni istega leta pa \u0161e za Vodjo osnovne vrste RO. U\u010dimo se celo \u017eivljenje tako, da se tudi moje delo s psi na tej stopnji ni ustavilo. Leta 2018 sem nadgradil svoje znanje v in\u0161truktorja za Vodjo vrste Rally Obedience. Zelo rad sprejemam nove izzive zato sem z labradorko Nike opravil lovsko preizku\u0161njo prina\u0161anja ter nadaljeval z tekmovanjem v Rally obedience disciplini.<\/p><p>V Kinolo\u0161kem dru\u0161tvu Nova Gorica pou\u010dujem \u017ee od leta 2013.<\/p>\t\t\t\t\t\t<\/div>\n\t\t\t\t<\/div>\n\t\t\t\t\t<\/div>\n\t\t<\/div>\n\t\t\t\t\t\t\t<\/div>\n\t\t<\/section>\n\t\t\t\t<section class=\"elementor-section elementor-top-section elementor-element elementor-element-c4b7591 elementor-section-full_width elementor-section-height-default elementor-section-height-default\" data-id=\"c4b7591\" data-element_type=\"section\" data-settings=\"{&quot;background_background&quot;:&quot;classic&quot;}\">\n\t\t\t\t\t\t<div class=\"elementor-container elementor-column-gap-default\">\n\t\t\t\t\t<div class=\"elementor-column elementor-col-100 elementor-top-column elementor-element elementor-element-d070723\" data-id=\"d070723\" data-element_type=\"column\">\n\t\t\t<div class=\"elementor-widget-wrap elementor-element-populated\">\n\t\t\t\t\t\t\t\t<div class=\"elementor-element elementor-element-53bfa68 elementor-hidden-mobile elementor-hidden-tablet elementor-widget elementor-widget-image\" data-id=\"53bfa68\" data-element_type=\"widget\" data-widget_type=\"image.default\">\n\t\t\t\t<div class=\"elementor-widget-container\">\n\t\t\t\t\t\t\t\t\t\t\t\t\t\t\t<img decoding=\"async\" src=\"https:\/\/i0.wp.com\/kd-novagorica.si\/wp-content\/uploads\/2022\/11\/ana-lah-.jpg?fit=1920%2C700&amp;ssl=1\" title=\"ana lah\" alt=\"ana lah\" loading=\"lazy\" \/>\t\t\t\t\t\t\t\t\t\t\t\t\t\t\t<\/div>\n\t\t\t\t<\/div>\n\t\t\t\t<div class=\"elementor-element elementor-element-eb4130d elementor-hidden-desktop elementor-widget elementor-widget-image\" data-id=\"eb4130d\" data-element_type=\"widget\" data-widget_type=\"image.default\">\n\t\t\t\t<div class=\"elementor-widget-container\">\n\t\t\t\t\t\t\t\t\t\t\t\t\t\t\t<img loading=\"lazy\" decoding=\"async\" width=\"1080\" height=\"1080\" src=\"https:\/\/i0.wp.com\/kd-novagorica.si\/wp-content\/uploads\/2022\/11\/ana-laaj.jpg?fit=1080%2C1080&amp;ssl=1\" class=\"attachment-full size-full wp-image-436\" alt=\"\" srcset=\"https:\/\/i0.wp.com\/kd-novagorica.si\/wp-content\/uploads\/2022\/11\/ana-laaj.jpg?w=1080&amp;ssl=1 1080w, https:\/\/i0.wp.com\/kd-novagorica.si\/wp-content\/uploads\/2022\/11\/ana-laaj.jpg?resize=300%2C300&amp;ssl=1 300w, https:\/\/i0.wp.com\/kd-novagorica.si\/wp-content\/uploads\/2022\/11\/ana-laaj.jpg?resize=1024%2C1024&amp;ssl=1 1024w, https:\/\/i0.wp.com\/kd-novagorica.si\/wp-content\/uploads\/2022\/11\/ana-laaj.jpg?resize=150%2C150&amp;ssl=1 150w, https:\/\/i0.wp.com\/kd-novagorica.si\/wp-content\/uploads\/2022\/11\/ana-laaj.jpg?resize=768%2C768&amp;ssl=1 768w\" sizes=\"auto, (max-width: 640px) 100vw, 640px\" \/>\t\t\t\t\t\t\t\t\t\t\t\t\t\t\t<\/div>\n\t\t\t\t<\/div>\n\t\t\t\t<div class=\"elementor-element elementor-element-c51108f elementor-hidden-desktop elementor-widget elementor-widget-text-editor\" data-id=\"c51108f\" data-element_type=\"widget\" data-widget_type=\"text-editor.default\">\n\t\t\t\t<div class=\"elementor-widget-container\">\n\t\t\t\t\t\t\t<p>Sem Ana Lah, s Kinolo\u0161kim dru\u0161tvom Nova Gorica sodelujem od leta 2018, ko sem opravljala pripravni\u0161tvo za in\u0161truktorja. Po pridobljeni licenci KZS za vodjo osnovne vrste v dru\u0161tvu vodim te\u010daje male \u0161ole ter nadaljevalne te\u010daje po programih A in BBH, skrbim pa tudi za individualna sre\u010danja, kjer skupaj z lastniki re\u0161ujemo specifi\u010dne te\u017eave njihovih psov. V letu 2022 sem pri\u010dela z vodenjem treningov Hoopers, v Sloveniji relativno nove \u0161portne discipline.<\/p><p>Kinologija me je pritegnila potem ko sem s svojo psi\u010dko Lolo obiskala nekaj te\u010dajev v pasji \u0161oli ter se preizkusila v tekmovanjih v agilityju. \u017delela sem izvedeti ve\u010d o psih, sobivanju in vzgoji, zato sem izkoristila prilo\u017enost in se prijavila na razpis KZS za in\u0161truktorja. Pridobila sem tudi naziv In\u0161truktor \u0161olanja za agility 2 Komisije za izobra\u017eevanje pri KZS. Svoje znanje nadgrajujem s prebiranjem razli\u010dne kinolo\u0161ke literature, poslu\u0161anjem seminarjev, zadnja leta pa tudi preko udele\u017ebe na razli\u010dnih webinarjih.<\/p><p>Ker je moja Lola \u017ee dama v letih, po dveh operacijah pa tudi \u0161portno upokojena, se pripravljam na novega pasjega dru\u017eabnika, s katerim bom aktivno nadaljevala svojo kinolo\u0161ko pot.<\/p>\t\t\t\t\t\t<\/div>\n\t\t\t\t<\/div>\n\t\t\t\t\t<\/div>\n\t\t<\/div>\n\t\t\t\t\t\t\t<\/div>\n\t\t<\/section>\n\t\t\t\t\t\t\t<\/div>\n\t\t","protected":false},"excerpt":{"rendered":"<p>Sem Ema Troha. Kot otrok sem se ve\u010d let \u00bbmotila\u00ab z re\u0161evanjem pasjih mladi\u010dkov iz neza\u017eelenih situacij, kar so moji star\u0161i nekako sprejemali. Pa vendar sem prvo pravo prilo\u017enost izkoristila leta 2016, ko sem pristopila h Kinolo\u0161kemu dru\u0161tvu Nova Gorica in iz\u0161olala mojega takratnega psa pasme Jack Russell terier do druge stopnje rally obedienca (RO)&#8230;.<\/p>\n","protected":false},"author":1,"featured_media":0,"parent":0,"menu_order":0,"comment_status":"closed","ping_status":"closed","template":"","meta":{"footnotes":""},"class_list":["post-141","page","type-page","status-publish","hentry"],"aioseo_notices":[],"_links":{"self":[{"href":"https:\/\/kd-novagorica.si\/index.php?rest_route=\/wp\/v2\/pages\/141","targetHints":{"allow":["GET"]}}],"collection":[{"href":"https:\/\/kd-novagorica.si\/index.php?rest_route=\/wp\/v2\/pages"}],"about":[{"href":"https:\/\/kd-novagorica.si\/index.php?rest_route=\/wp\/v2\/types\/page"}],"author":[{"embeddable":true,"href":"https:\/\/kd-novagorica.si\/index.php?rest_route=\/wp\/v2\/users\/1"}],"replies":[{"embeddable":true,"href":"https:\/\/kd-novagorica.si\/index.php?rest_route=%2Fwp%2Fv2%2Fcomments&post=141"}],"version-history":[{"count":35,"href":"https:\/\/kd-novagorica.si\/index.php?rest_route=\/wp\/v2\/pages\/141\/revisions"}],"predecessor-version":[{"id":565,"href":"https:\/\/kd-novagorica.si\/index.php?rest_route=\/wp\/v2\/pages\/141\/revisions\/565"}],"wp:attachment":[{"href":"https:\/\/kd-novagorica.si\/index.php?rest_route=%2Fwp%2Fv2%2Fmedia&parent=141"}],"curies":[{"name":"wp","href":"https:\/\/api.w.org\/{rel}","templated":true}]}}